{"id":75,"date":"2025-01-23T15:10:52","date_gmt":"2025-01-23T18:10:52","guid":{"rendered":"https:\/\/cliente.antonioluizalves.com.br\/malumodas\/?post_type=product&#038;p=75"},"modified":"2025-03-10T13:39:30","modified_gmt":"2025-03-10T16:39:30","slug":"regata-alca-fina-feminina-algodao-atacado-camiseta-blusa","status":"publish","type":"product","link":"https:\/\/cliente.antonioluizalves.com.br\/malumodas\/p\/regata-alca-fina-feminina-algodao-atacado-camiseta-blusa\/","title":{"rendered":"Regata Al\u00e7a Fina"},"content":{"rendered":"<p>Elas s\u00e3o uma excelente op\u00e7\u00e3o para formar looks casuais. PRONTA ENTREGA \u2013 ENVIAMOS PARA TODO BRASIL \u2013 FOTOS REAIS<\/p>\n<p>Tecido: Viscolycra Composi\u00e7\u00e3o: 96% Viscose 4% Elastano<\/p>\n","protected":false},"excerpt":{"rendered":"<p>As Regatas Femininas de Al\u00e7a Fina s\u00e3o pe\u00e7as que n\u00e3o podem faltar em seu guarda-roupa.<\/p>\n","protected":false},"featured_media":879,"comment_status":"open","ping_status":"closed","template":"","meta":[],"product_brand":[],"product_cat":[25,15],"product_tag":[],"class_list":{"0":"post-75","1":"product","2":"type-product","3":"status-publish","4":"has-post-thumbnail","6":"product_cat-regatas","7":"product_cat-ofertas","9":"first","10":"instock","11":"sale","12":"shipping-taxable","13":"purchasable","14":"product-type-simple"},"_links":{"self":[{"href":"https:\/\/cliente.antonioluizalves.com.br\/malumodas\/wp-json\/wp\/v2\/product\/75","targetHints":{"allow":["GET"]}}],"collection":[{"href":"https:\/\/cliente.antonioluizalves.com.br\/malumodas\/wp-json\/wp\/v2\/product"}],"about":[{"href":"https:\/\/cliente.antonioluizalves.com.br\/malumodas\/wp-json\/wp\/v2\/types\/product"}],"replies":[{"embeddable":true,"href":"https:\/\/cliente.antonioluizalves.com.br\/malumodas\/wp-json\/wp\/v2\/comments?post=75"}],"wp:featuredmedia":[{"embeddable":true,"href":"https:\/\/cliente.antonioluizalves.com.br\/malumodas\/wp-json\/wp\/v2\/media\/879"}],"wp:attachment":[{"href":"https:\/\/cliente.antonioluizalves.com.br\/malumodas\/wp-json\/wp\/v2\/media?parent=75"}],"wp:term":[{"taxonomy":"product_brand","embeddable":true,"href":"https:\/\/cliente.antonioluizalves.com.br\/malumodas\/wp-json\/wp\/v2\/product_brand?post=75"},{"taxonomy":"product_cat","embeddable":true,"href":"https:\/\/cliente.antonioluizalves.com.br\/malumodas\/wp-json\/wp\/v2\/product_cat?post=75"},{"taxonomy":"product_tag","embeddable":true,"href":"https:\/\/cliente.antonioluizalves.com.br\/malumodas\/wp-json\/wp\/v2\/product_tag?post=75"}],"curies":[{"name":"wp","href":"https:\/\/api.w.org\/{rel}","templated":true}]}}