{"id":83,"date":"2025-01-23T15:17:49","date_gmt":"2025-01-23T18:17:49","guid":{"rendered":"https:\/\/cliente.antonioluizalves.com.br\/malumodas\/?post_type=product&#038;p=83"},"modified":"2025-01-27T21:04:10","modified_gmt":"2025-01-28T00:04:10","slug":"calca-pantalona-tecido-de-duna","status":"publish","type":"product","link":"https:\/\/cliente.antonioluizalves.com.br\/malumodas\/p\/calca-pantalona-tecido-de-duna\/","title":{"rendered":"Cal\u00e7a Pantalona"},"content":{"rendered":"<p>O vestido foi cuidadosamente concebido para evocar uma aura de confian\u00e7a e estilo, permitindo que voc\u00ea se destaque com eleg\u00e2ncia em todas as esta\u00e7\u00f5es. Sinta-se radiante na primavera e ver\u00e3o, exibindo este vestido que combina moda contempor\u00e2nea com um toque cl\u00e1ssico. Seja o centro das aten\u00e7\u00f5es com este vestido que combina harmoniosamente o conforto, a ousadia e a feminilidade, proporcionando uma experi\u00eancia \u00fanica de moda feminina. Elevando seu estilo para novas alturas, este vestido \u00e9 a express\u00e3o perfeita de uma mulher moderna, confiante e elegante na esta\u00e7\u00e3o mais quente do ano.<\/p>\n","protected":false},"excerpt":{"rendered":"<p>O vestido foi cuidadosamente concebido para evocar uma aura de confian\u00e7a e estilo, permitindo que voc\u00ea se destaque com eleg\u00e2ncia em todas as esta\u00e7\u00f5es<\/p>\n","protected":false},"featured_media":84,"comment_status":"open","ping_status":"closed","template":"","meta":[],"product_brand":[],"product_cat":[26,30],"product_tag":[],"class_list":{"0":"post-83","1":"product","2":"type-product","3":"status-publish","4":"has-post-thumbnail","6":"product_cat-pantalonas","7":"product_cat-novidades","9":"first","10":"instock","11":"shipping-taxable","12":"purchasable","13":"product-type-simple"},"_links":{"self":[{"href":"https:\/\/cliente.antonioluizalves.com.br\/malumodas\/wp-json\/wp\/v2\/product\/83","targetHints":{"allow":["GET"]}}],"collection":[{"href":"https:\/\/cliente.antonioluizalves.com.br\/malumodas\/wp-json\/wp\/v2\/product"}],"about":[{"href":"https:\/\/cliente.antonioluizalves.com.br\/malumodas\/wp-json\/wp\/v2\/types\/product"}],"replies":[{"embeddable":true,"href":"https:\/\/cliente.antonioluizalves.com.br\/malumodas\/wp-json\/wp\/v2\/comments?post=83"}],"wp:featuredmedia":[{"embeddable":true,"href":"https:\/\/cliente.antonioluizalves.com.br\/malumodas\/wp-json\/wp\/v2\/media\/84"}],"wp:attachment":[{"href":"https:\/\/cliente.antonioluizalves.com.br\/malumodas\/wp-json\/wp\/v2\/media?parent=83"}],"wp:term":[{"taxonomy":"product_brand","embeddable":true,"href":"https:\/\/cliente.antonioluizalves.com.br\/malumodas\/wp-json\/wp\/v2\/product_brand?post=83"},{"taxonomy":"product_cat","embeddable":true,"href":"https:\/\/cliente.antonioluizalves.com.br\/malumodas\/wp-json\/wp\/v2\/product_cat?post=83"},{"taxonomy":"product_tag","embeddable":true,"href":"https:\/\/cliente.antonioluizalves.com.br\/malumodas\/wp-json\/wp\/v2\/product_tag?post=83"}],"curies":[{"name":"wp","href":"https:\/\/api.w.org\/{rel}","templated":true}]}}